
{"id":1676,"date":"2017-01-16T09:14:10","date_gmt":"2017-01-16T09:14:10","guid":{"rendered":"https:\/\/uniavisendk.preprod.plant.dk\/?page_id=1676\/"},"modified":"2017-01-16T09:14:47","modified_gmt":"2017-01-16T09:14:47","slug":"cookie-politcy-uniavisen-dk","status":"publish","type":"page","link":"https:\/\/uniavisen.dk\/en\/cookie-politcy-uniavisen-dk\/","title":{"rendered":"Cookie policy for Uniavisen.dk"},"content":{"rendered":"<h2>Ejeroplysninger<\/h2>\n<p>Dette website udbydes af:<br \/>\nUniversitetsavisen<br \/>\nN\u00f8rregade 10<br \/>\n1165 K<br \/>\nTelefon: +45 35 32 28 98<br \/>\nEmail: <a href=\"mailto:uni-avis@adm.ku.dk\">uni-avis@adm.ku.dk<\/a><\/p>\n<h2>Cookies<\/h2>\n<p>En cookie er en lille tekstfil, der lagres i din browser for at kunne genkende din computer ved tilbagevendende bes\u00f8g. Der er ingen personlige oplys-ninger gemt i vores cookies, og de kan ikke indeholde virus.<\/p>\n<h2>S\u00e5 lang tid opbevares cookies<\/h2>\n<p>Cookies sletter sig selv efter et vist antal m\u00e5neder (kan variere), men de fornyes efter hvert bes\u00f8g.<\/p>\n<h2>S\u00e5dan undg\u00e5r og sletter du cookies<\/h2>\n<p>Hvis du ikke \u00f8nsker at modtage cookies, kan du v\u00e6lge ikke at modtage cookies og at slette cookies, der ligger p\u00e5 din harddisk.<\/p>\n<p>Som bruger skal du v\u00e6re opm\u00e6rksom p\u00e5, at websiden ikke n\u00f8dvendigvis vil fungere optimalt, hvis cookies slettes, eller du blokerer for cookies.<\/p>\n<h3>S\u00e5dan sletter du dine cookies:<\/h3>\n<p>\u2022 Klik her for: Vejledning i at slette cookies p\u00e5 Microsoft Internet Explorer<br \/>\n\u2022 Klik her for: Vejledning i at slette cookies p\u00e5 Mozilla Firefox browser<br \/>\n\u2022 Klik her for: Vejledning i at slette cookies p\u00e5 Google Chrome browser<br \/>\n\u2022 Klik her for: Vejledning i at slette cookies p\u00e5 Opera browser<br \/>\n\u2022 Klik her for: Vejledning i at slette cookies p\u00e5 Safari browser<br \/>\n\u2022 Klik her for: Vejledning i at slette cookies p\u00e5 iPad, iPhone, iPod touch<br \/>\n\u2022 Klik her for: Vejledning i at slette cookies fra Android telefoner<br \/>\n\u2022 Klik her for: Vejledning i at slette cookies fra Windows Phone 7<br \/>\n\u2022 Klik her for: Vejledning i at slette flash cookies: (g\u00e6lder alle browsere)<\/p>\n<h2>Hvad cookies bruges til p\u00e5 vores website<\/h2>\n<p>P\u00e5 Uniavisen.dk s\u00e6ttes cookies, hvis form\u00e5l er at fastl\u00e6gge, af hvem og hvordan vores hjemmeside benyttes. Disse cookies indsamler brugerrela-terede statistikker, hvilket giver os mulighed for at tilpasse indholdet, s\u00e5 det passer til vores brugeres interesser og behov.<\/p>\n<p>P\u00e5 Uniavisen.dk bruges en r\u00e6kke tredjepartsservices. Disse services bruger til tider ogs\u00e5 cookies. Du kan v\u00e6lge at afvise tredjepart-cookies i din browser.<\/p>\n<h3>Google Analytics (trafikm\u00e5ling)<\/h3>\n<p>Opsamler oplysninger om brugeradf\u00e6rd for at optimere Uniavi-sen.dk. Ingen personlige data gemmes.<\/p>\n<h3>\u00d8nsker du at frav\u00e6lge cookies fra Google Analytics, kan du g\u00f8re det her:<\/h3>\n<p>http:\/\/tools.google.com\/dlpage\/gaoptout<\/p>\n<h3>Facebook<\/h3>\n<p>Bruges til at holde styr p\u00e5, hvilke af vores artikler, der deles p\u00e5 Facebook samt til give mulighed for at \u201dsynes godt\u201d om vores Facebook-side.<\/p>\n<h3>Twitter<\/h3>\n<p>Bruges til at holde styr p\u00e5, hvilke af vores artikler, der deles p\u00e5 Twitter.<\/p>\n<h3>Addthis<\/h3>\n<p>G\u00f8r det muligt for dig at dele vores indhold med kollegaer, familier, venner etc. via bl.a. e-mail. Ingen personlige data gemmes.<\/p>\n<h3>Emediate<\/h3>\n<p>Bruges til at m\u00e5le brugeradf\u00e6rd p\u00e5 bannere. M\u00e5lretter indhold til brugeren. Ingen personlige data gemmes.<br \/>\n<!-- end of module 1 --><\/p>\n","protected":false},"excerpt":{"rendered":"<p>Ejeroplysninger Dette website udbydes af: Universitetsavisen N\u00f8rregade 10 1165 K Telefon: +45 35 32 28 98 Email: uni-avis@adm.ku.dk Cookies En cookie er en lille tekstfil, der lagres i din browser for at kunne genkende din computer ved tilbagevendende bes\u00f8g. Der er ingen personlige oplys-ninger gemt i vores cookies, og de kan ikke indeholde virus. S\u00e5 [&hellip;]<\/p>\n","protected":false},"author":1,"featured_media":0,"parent":0,"menu_order":0,"comment_status":"closed","ping_status":"closed","template":"","meta":{"_acf_changed":false,"om_disable_all_campaigns":false,"_monsterinsights_skip_tracking":false,"_monsterinsights_sitenote_active":false,"_monsterinsights_sitenote_note":"","_monsterinsights_sitenote_category":0,"_uf_show_specific_survey":0,"_uf_disable_surveys":false,"footnotes":""},"class_list":["post-1676","page","type-page","status-publish","hentry"],"acf":[],"aioseo_notices":[],"yoast_head":"<!-- This site is optimized with the Yoast SEO plugin v27.3 - https:\/\/yoast.com\/product\/yoast-seo-wordpress\/ -->\n<title>Cookie policy for Uniavisen.dk<\/title>\n<meta name=\"robots\" content=\"index, follow, max-snippet:-1, max-image-preview:large, max-video-preview:-1\" \/>\n<link rel=\"canonical\" href=\"https:\/\/uniavisen.dk\/en\/cookie-politcy-uniavisen-dk\/\" \/>\n<meta property=\"og:locale\" content=\"en_US\" \/>\n<meta property=\"og:type\" content=\"article\" \/>\n<meta property=\"og:title\" content=\"Cookie policy for Uniavisen.dk\" \/>\n<meta property=\"og:description\" content=\"Ejeroplysninger Dette website udbydes af: Universitetsavisen N\u00f8rregade 10 1165 K Telefon: +45 35 32 28 98 Email: uni-avis@adm.ku.dk Cookies En cookie er en lille tekstfil, der lagres i din browser for at kunne genkende din computer ved tilbagevendende bes\u00f8g. Der er ingen personlige oplys-ninger gemt i vores cookies, og de kan ikke indeholde virus. S\u00e5 [&hellip;]\" \/>\n<meta property=\"og:url\" content=\"https:\/\/uniavisen.dk\/en\/cookie-politcy-uniavisen-dk\/\" \/>\n<meta property=\"og:site_name\" content=\"University Post\" \/>\n<meta property=\"article:publisher\" content=\"https:\/\/www.facebook.com\/uniavis\" \/>\n<meta property=\"article:modified_time\" content=\"2017-01-16T09:14:47+00:00\" \/>\n<meta name=\"twitter:card\" content=\"summary_large_image\" \/>\n<meta name=\"twitter:site\" content=\"@Uniavisen\" \/>\n<meta name=\"twitter:label1\" content=\"Est. reading time\" \/>\n\t<meta name=\"twitter:data1\" content=\"2 minutes\" \/>\n<script type=\"application\/ld+json\" class=\"yoast-schema-graph\">{\"@context\":\"https:\\\/\\\/schema.org\",\"@graph\":[{\"@type\":\"WebPage\",\"@id\":\"https:\\\/\\\/uniavisen.dk\\\/en\\\/cookie-politcy-uniavisen-dk\\\/\",\"url\":\"https:\\\/\\\/uniavisen.dk\\\/en\\\/cookie-politcy-uniavisen-dk\\\/\",\"name\":\"Cookie policy for Uniavisen.dk\",\"isPartOf\":{\"@id\":\"https:\\\/\\\/uniavisen.dk\\\/#website\"},\"datePublished\":\"2017-01-16T09:14:10+00:00\",\"dateModified\":\"2017-01-16T09:14:47+00:00\",\"breadcrumb\":{\"@id\":\"https:\\\/\\\/uniavisen.dk\\\/en\\\/cookie-politcy-uniavisen-dk\\\/#breadcrumb\"},\"inLanguage\":\"en-US\",\"potentialAction\":[{\"@type\":\"ReadAction\",\"target\":[\"https:\\\/\\\/uniavisen.dk\\\/en\\\/cookie-politcy-uniavisen-dk\\\/\"]}]},{\"@type\":\"BreadcrumbList\",\"@id\":\"https:\\\/\\\/uniavisen.dk\\\/en\\\/cookie-politcy-uniavisen-dk\\\/#breadcrumb\",\"itemListElement\":[{\"@type\":\"ListItem\",\"position\":1,\"name\":\"Home\",\"item\":\"https:\\\/\\\/uniavisen.dk\\\/en\\\/\"},{\"@type\":\"ListItem\",\"position\":2,\"name\":\"Cookie policy for Uniavisen.dk\"}]},{\"@type\":\"WebSite\",\"@id\":\"https:\\\/\\\/uniavisen.dk\\\/#website\",\"url\":\"https:\\\/\\\/uniavisen.dk\\\/\",\"name\":\"University Post\",\"description\":\"Independent of management\",\"potentialAction\":[{\"@type\":\"SearchAction\",\"target\":{\"@type\":\"EntryPoint\",\"urlTemplate\":\"https:\\\/\\\/uniavisen.dk\\\/?s={search_term_string}\"},\"query-input\":{\"@type\":\"PropertyValueSpecification\",\"valueRequired\":true,\"valueName\":\"search_term_string\"}}],\"inLanguage\":\"en-US\"}]}<\/script>\n<!-- \/ Yoast SEO plugin. -->","yoast_head_json":{"title":"Cookie policy for Uniavisen.dk","robots":{"index":"index","follow":"follow","max-snippet":"max-snippet:-1","max-image-preview":"max-image-preview:large","max-video-preview":"max-video-preview:-1"},"canonical":"https:\/\/uniavisen.dk\/en\/cookie-politcy-uniavisen-dk\/","og_locale":"en_US","og_type":"article","og_title":"Cookie policy for Uniavisen.dk","og_description":"Ejeroplysninger Dette website udbydes af: Universitetsavisen N\u00f8rregade 10 1165 K Telefon: +45 35 32 28 98 Email: uni-avis@adm.ku.dk Cookies En cookie er en lille tekstfil, der lagres i din browser for at kunne genkende din computer ved tilbagevendende bes\u00f8g. Der er ingen personlige oplys-ninger gemt i vores cookies, og de kan ikke indeholde virus. S\u00e5 [&hellip;]","og_url":"https:\/\/uniavisen.dk\/en\/cookie-politcy-uniavisen-dk\/","og_site_name":"University Post","article_publisher":"https:\/\/www.facebook.com\/uniavis","article_modified_time":"2017-01-16T09:14:47+00:00","twitter_card":"summary_large_image","twitter_site":"@Uniavisen","twitter_misc":{"Est. reading time":"2 minutes"},"schema":{"@context":"https:\/\/schema.org","@graph":[{"@type":"WebPage","@id":"https:\/\/uniavisen.dk\/en\/cookie-politcy-uniavisen-dk\/","url":"https:\/\/uniavisen.dk\/en\/cookie-politcy-uniavisen-dk\/","name":"Cookie policy for Uniavisen.dk","isPartOf":{"@id":"https:\/\/uniavisen.dk\/#website"},"datePublished":"2017-01-16T09:14:10+00:00","dateModified":"2017-01-16T09:14:47+00:00","breadcrumb":{"@id":"https:\/\/uniavisen.dk\/en\/cookie-politcy-uniavisen-dk\/#breadcrumb"},"inLanguage":"en-US","potentialAction":[{"@type":"ReadAction","target":["https:\/\/uniavisen.dk\/en\/cookie-politcy-uniavisen-dk\/"]}]},{"@type":"BreadcrumbList","@id":"https:\/\/uniavisen.dk\/en\/cookie-politcy-uniavisen-dk\/#breadcrumb","itemListElement":[{"@type":"ListItem","position":1,"name":"Home","item":"https:\/\/uniavisen.dk\/en\/"},{"@type":"ListItem","position":2,"name":"Cookie policy for Uniavisen.dk"}]},{"@type":"WebSite","@id":"https:\/\/uniavisen.dk\/#website","url":"https:\/\/uniavisen.dk\/","name":"University Post","description":"Independent of management","potentialAction":[{"@type":"SearchAction","target":{"@type":"EntryPoint","urlTemplate":"https:\/\/uniavisen.dk\/?s={search_term_string}"},"query-input":{"@type":"PropertyValueSpecification","valueRequired":true,"valueName":"search_term_string"}}],"inLanguage":"en-US"}]}},"_links":{"self":[{"href":"https:\/\/uniavisen.dk\/en\/wp-json\/wp\/v2\/pages\/1676","targetHints":{"allow":["GET"]}}],"collection":[{"href":"https:\/\/uniavisen.dk\/en\/wp-json\/wp\/v2\/pages"}],"about":[{"href":"https:\/\/uniavisen.dk\/en\/wp-json\/wp\/v2\/types\/page"}],"author":[{"embeddable":true,"href":"https:\/\/uniavisen.dk\/en\/wp-json\/wp\/v2\/users\/1"}],"replies":[{"embeddable":true,"href":"https:\/\/uniavisen.dk\/en\/wp-json\/wp\/v2\/comments?post=1676"}],"version-history":[{"count":2,"href":"https:\/\/uniavisen.dk\/en\/wp-json\/wp\/v2\/pages\/1676\/revisions"}],"predecessor-version":[{"id":1678,"href":"https:\/\/uniavisen.dk\/en\/wp-json\/wp\/v2\/pages\/1676\/revisions\/1678"}],"wp:attachment":[{"href":"https:\/\/uniavisen.dk\/en\/wp-json\/wp\/v2\/media?parent=1676"}],"curies":[{"name":"wp","href":"https:\/\/api.w.org\/{rel}","templated":true}]}}